{"id":2006,"date":"2018-04-24T12:16:15","date_gmt":"2018-04-24T12:16:15","guid":{"rendered":"https:\/\/www.bibelmuseum.no\/wordpress\/?page_id=2006"},"modified":"2018-04-26T08:54:26","modified_gmt":"2018-04-26T08:54:26","slug":"historie","status":"publish","type":"page","link":"https:\/\/www.bibelmuseum.no\/wordpress\/historie\/","title":{"rendered":"Historie"},"content":{"rendered":"<p><strong><span style=\"font-size: 18pt;\">Kristendommens historie er sterkt knyttet til Bibelen.<\/span><\/strong><\/p>\n<p>&nbsp;<\/p>\n<p><span style=\"font-size: 12pt;\">Det var troende som samlet Bibelen og skriftene sammen og spredte dem til folket. Under middelalderen ble Bibelen ofte spredt i det skjulte av kristne som ble forfulgt av Den katolske kirke som var den r\u00e5dende kirken under denne tiden. De \u00f8nsket ikke at Bibelen skulle spres til vanlige folk og ville at den kun skulle v\u00e6re tilgjengelig for l\u00e6rde som da kunne tolke den videre til folket. P\u00e5 grunn av dette ble det alts\u00e5 en undergrunnsbevegelse som spredte Bibelen med fare for sine liv. Mange av dem led martyrd\u00f8den bare fordi de ville at vanlige folk skulle ha tilgang til Bibelen. Under reformasjonen var det de som i dag er kjent som reformatorer som valgte \u00e5 trosse den katolske kirke og oversette Bibelen til folkets spr\u00e5k. Blant dem var Wycliffe og Tyndale i England, Luther i Tyskland og Zwingly i Sveits. N\u00e5r Bibelen ble lest av vanlige folk ledet dette til en enda sterkere reformasjon fra den katolske kirke da det ble oppdaget gjennom skriften at mange av kirkens skikker og l\u00e6re ikke hadde st\u00f8tte i skriften. Frem til dette hadde mange fryktet for \u00e5 bryte med kirken i den overtro at de da br\u00f8t med Jesus selv. <\/span><\/p>\n<p>Selv om den dominerende kirken i lang tid var den katolske kirke var det mange andre menigheter verden rundt som hadde egen tilgang p\u00e5 skriftene og som hadde sin egen bakgrunn for hvordan de mottok evangeliet. Under kategorien &#8220;Historie&#8221; vil vi gjerne fortelle om de mange som arbeidet med \u00e5 spre, oversette og leve ut Bibelens ord. Mange av disse historiske skikkelene er det mange som ikke kjenner til i dag da det er mer vanlig \u00e5 l\u00e6re om den katolske kristendoms historie.<\/p>\n<p>Hvis det ikke hadde v\u00e6rt for disse mennskene hadde kanskje aldri Bibelen blitt tilgjengelig for folk flest i dag.<\/p>\n<p>___________________________________________<\/p>\n<p><span style=\"font-size: 18pt;\">Den forfulgte kirke (Kirken i \u00d8demarken)<\/span><br \/>\n<a href=\"https:\/\/www.bibelmuseum.no\/wordpress\/category\/bibelen\/den-forfulgte-kirke\/\">Klikk her.<br \/>\n<\/a><a href=\"https:\/\/www.bibelmuseum.no\/wordpress\/category\/bibelen\/den-forfulgte-kirke\/\"><img loading=\"lazy\" decoding=\"async\" class=\"alignnone wp-image-2242\" src=\"http:\/\/www.bibelmuseum.no\/wordpress\/wp-content\/uploads\/2018\/04\/76.jpg\" alt=\"\" width=\"175\" height=\"262\" srcset=\"https:\/\/www.bibelmuseum.no\/wordpress\/wp-content\/uploads\/2018\/04\/76.jpg 576w, https:\/\/www.bibelmuseum.no\/wordpress\/wp-content\/uploads\/2018\/04\/76-200x300.jpg 200w, https:\/\/www.bibelmuseum.no\/wordpress\/wp-content\/uploads\/2018\/04\/76-150x224.jpg 150w, https:\/\/www.bibelmuseum.no\/wordpress\/wp-content\/uploads\/2018\/04\/76-300x449.jpg 300w, https:\/\/www.bibelmuseum.no\/wordpress\/wp-content\/uploads\/2018\/04\/76-281x420.jpg 281w\" sizes=\"auto, (max-width: 175px) 100vw, 175px\" \/><\/a><\/p>\n<p>______________________________________________<\/p>\n<p><span style=\"font-size: 18pt;\">Reformasjonshistorien<\/span><br \/>\n<a href=\"https:\/\/www.bibelmuseum.no\/wordpress\/category\/bibelen\/reformasjonshistorie\/\">klikk her<br \/>\n<\/a><a href=\"https:\/\/www.bibelmuseum.no\/wordpress\/category\/bibelen\/reformasjonshistorie\/\"><img loading=\"lazy\" decoding=\"async\" class=\"alignnone wp-image-2243\" src=\"http:\/\/www.bibelmuseum.no\/wordpress\/wp-content\/uploads\/2018\/04\/77.jpg\" alt=\"\" width=\"193\" height=\"292\" srcset=\"https:\/\/www.bibelmuseum.no\/wordpress\/wp-content\/uploads\/2018\/04\/77.jpg 582w, https:\/\/www.bibelmuseum.no\/wordpress\/wp-content\/uploads\/2018\/04\/77-198x300.jpg 198w, https:\/\/www.bibelmuseum.no\/wordpress\/wp-content\/uploads\/2018\/04\/77-150x227.jpg 150w, https:\/\/www.bibelmuseum.no\/wordpress\/wp-content\/uploads\/2018\/04\/77-300x454.jpg 300w, https:\/\/www.bibelmuseum.no\/wordpress\/wp-content\/uploads\/2018\/04\/77-278x420.jpg 278w\" sizes=\"auto, (max-width: 193px) 100vw, 193px\" \/><\/a><\/p>\n","protected":false},"excerpt":{"rendered":"<p>Kristendommens historie er sterkt knyttet til Bibelen. &nbsp; Det var troende som samlet Bibelen og skriftene sammen og spredte dem til folket. Under middelalderen ble Bibelen ofte spredt i det skjulte av kristne som ble forfulgt av Den katolske kirke som var den r\u00e5dende kirken under denne tiden. De \u00f8nsket ikke at Bibelen skulle spres [&hellip;]<\/p>\n","protected":false},"author":1,"featured_media":2250,"parent":0,"menu_order":0,"comment_status":"closed","ping_status":"closed","template":"","meta":{"footnotes":""},"class_list":["post-2006","page","type-page","status-publish","has-post-thumbnail"],"amp_enabled":true,"_links":{"self":[{"href":"https:\/\/www.bibelmuseum.no\/wordpress\/wp-json\/wp\/v2\/pages\/2006","targetHints":{"allow":["GET"]}}],"collection":[{"href":"https:\/\/www.bibelmuseum.no\/wordpress\/wp-json\/wp\/v2\/pages"}],"about":[{"href":"https:\/\/www.bibelmuseum.no\/wordpress\/wp-json\/wp\/v2\/types\/page"}],"author":[{"embeddable":true,"href":"https:\/\/www.bibelmuseum.no\/wordpress\/wp-json\/wp\/v2\/users\/1"}],"replies":[{"embeddable":true,"href":"https:\/\/www.bibelmuseum.no\/wordpress\/wp-json\/wp\/v2\/comments?post=2006"}],"version-history":[{"count":10,"href":"https:\/\/www.bibelmuseum.no\/wordpress\/wp-json\/wp\/v2\/pages\/2006\/revisions"}],"predecessor-version":[{"id":2275,"href":"https:\/\/www.bibelmuseum.no\/wordpress\/wp-json\/wp\/v2\/pages\/2006\/revisions\/2275"}],"wp:featuredmedia":[{"embeddable":true,"href":"https:\/\/www.bibelmuseum.no\/wordpress\/wp-json\/wp\/v2\/media\/2250"}],"wp:attachment":[{"href":"https:\/\/www.bibelmuseum.no\/wordpress\/wp-json\/wp\/v2\/media?parent=2006"}],"curies":[{"name":"wp","href":"https:\/\/api.w.org\/{rel}","templated":true}]}}